{"id":1017,"date":"2014-08-23T17:50:24","date_gmt":"2014-08-23T15:50:24","guid":{"rendered":"http:\/\/www.djstari.com\/new\/?page_id=1017"},"modified":"2014-09-08T20:18:33","modified_gmt":"2014-09-08T18:18:33","slug":"portfolio","status":"publish","type":"page","link":"http:\/\/www.djstari.com\/?page_id=1017","title":{"rendered":"Portfolio"},"content":{"rendered":"<h4><\/h4>\n<p><strong>DJ<\/strong><br \/>\nClubbings, Sch\u00fcler- und Studentenfeste, Sportevents, Firmenfeiern, Hochzeiten, Geburtstage, B\u00e4lle&#8230; Nicht lange suchen, sondern einen der erfahrensten und bekanntesten DJs \u00d6sterreichs buchen!<\/p>\n<hr \/>\n<p><strong>MODERATION<\/strong><br \/>\nf\u00fcr Veranstaltungen aller Art, Gewinnspiele, Sportevents, Podiumsdiskussionen, Pr\u00e4sentationen&#8230; Egal, ob&#8217;s darum geht, souver\u00e4n durch das Programm zu f\u00fchren, Interviews zu f\u00fchren oder die Stimmung anzuheizen.<\/p>\n<hr \/>\n<p><strong>BOOKING &amp; K\u00dcNSTLERVERMITTLUNG<\/strong><br \/>\nAuf der Suche nach mehr? Nach perfektem Entertainment? Ich vermittle vielseitige Acts, K\u00fcnstler, DJs, T\u00e4nzerInnen und Bands!<\/p>\n<hr \/>\n<p><strong>EVENTMANAGEMENT<\/strong><br \/>\nIch f\u00fchre mit meinem Team die komplette Veranstaltungs-Organisation durch. Planung, Locationsuche, Kostenkalkulation, Catering, Technikplanung, Programmgestaltung, Personalbereitstellung&#8230; all inclusive!<\/p>\n<hr \/>\n<p><strong>SHOWTECHNIK<\/strong><br \/>\nF\u00fcr jede Veranstaltung das passende Equipment! Tontechnik, DJ-Equipment, Lichttechnik, Videotechnik&#8230;<\/p>\n<hr \/>\n<p><strong>KARAOKE<\/strong><br \/>\nRiesiges Karaoke-Archiv! Von allen Klassikern bis hin zu topaktuellen Songs. Der gr\u00f6sste Partyspass \u00fcberhaupt! Ideal f\u00fcr Privatfeste und Firmenfeiern.<\/p>\n","protected":false},"excerpt":{"rendered":"<p>DJ Clubbings, Sch\u00fcler- und Studentenfeste, Sportevents, Firmenfeiern, Hochzeiten, Geburtstage, B\u00e4lle&#8230; Nicht lange suchen, sondern einen der erfahrensten und bekanntesten DJs \u00d6sterreichs buchen! MODERATION f\u00fcr Veranstaltungen aller Art, Gewinnspiele, Sportevents, Podiumsdiskussionen,&#8230;<\/p>\n","protected":false},"author":1,"featured_media":0,"parent":0,"menu_order":0,"comment_status":"closed","ping_status":"closed","template":"template-fullwidth.php","meta":[],"_links":{"self":[{"href":"http:\/\/www.djstari.com\/index.php?rest_route=\/wp\/v2\/pages\/1017"}],"collection":[{"href":"http:\/\/www.djstari.com\/index.php?rest_route=\/wp\/v2\/pages"}],"about":[{"href":"http:\/\/www.djstari.com\/index.php?rest_route=\/wp\/v2\/types\/page"}],"author":[{"embeddable":true,"href":"http:\/\/www.djstari.com\/index.php?rest_route=\/wp\/v2\/users\/1"}],"replies":[{"embeddable":true,"href":"http:\/\/www.djstari.com\/index.php?rest_route=%2Fwp%2Fv2%2Fcomments&post=1017"}],"version-history":[{"count":13,"href":"http:\/\/www.djstari.com\/index.php?rest_route=\/wp\/v2\/pages\/1017\/revisions"}],"predecessor-version":[{"id":1320,"href":"http:\/\/www.djstari.com\/index.php?rest_route=\/wp\/v2\/pages\/1017\/revisions\/1320"}],"wp:attachment":[{"href":"http:\/\/www.djstari.com\/index.php?rest_route=%2Fwp%2Fv2%2Fmedia&parent=1017"}],"curies":[{"name":"wp","href":"https:\/\/api.w.org\/{rel}","templated":true}]}}